{"id":165,"date":"2025-10-20T12:13:24","date_gmt":"2025-10-20T10:13:24","guid":{"rendered":"https:\/\/legenddriveconcept.com\/?page_id=165"},"modified":"2025-12-15T15:07:13","modified_gmt":"2025-12-15T14:07:13","slug":"elementor-165","status":"publish","type":"page","link":"https:\/\/legenddriveconcept.com\/en\/elementor-165\/","title":{"rendered":"Mentions l\u00e9gales &#038; Protection des donn\u00e9es"},"content":{"rendered":"<div data-elementor-type=\"wp-page\" data-elementor-id=\"165\" class=\"elementor elementor-165\" data-elementor-post-type=\"page\">\n\t\t\t\t<div class=\"elementor-element elementor-element-c9b9ad8 e-flex e-con-boxed e-con e-parent\" data-id=\"c9b9ad8\" data-element_type=\"container\">\n\t\t\t\t\t<div class=\"e-con-inner\">\n\t\t\t\t<div class=\"elementor-element elementor-element-54a2e60 elementor-widget elementor-widget-text-editor\" data-id=\"54a2e60\" data-element_type=\"widget\" data-widget_type=\"text-editor.default\">\n\t\t\t\t\t\t\t\t\t<h3 data-start=\"412\" data-end=\"439\">1. Informations l\u00e9gales<\/h3><p data-start=\"441\" data-end=\"1003\"><strong data-start=\"441\" data-end=\"466\">Nom de l\u2019entreprise :<\/strong><br data-start=\"466\" data-end=\"469\" \/><strong data-start=\"469\" data-end=\"497\">Get Out &amp; Drive<\/strong><br data-start=\"497\" data-end=\"500\" \/>Soci\u00e9t\u00e9 par Actions Simplifi\u00e9e au capital de 826 522 \u20ac<br data-start=\"560\" data-end=\"563\" \/>Immatricul\u00e9e au RCS d\u2019Angers sous le num\u00e9ro <strong data-start=\"607\" data-end=\"628\">935 249 516 00011<\/strong><br data-start=\"628\" data-end=\"631\" \/>Num\u00e9ro de TVA intracommunautaire : <strong data-start=\"666\" data-end=\"683\">FR86935249516<\/strong><br data-start=\"683\" data-end=\"686\" \/>Si\u00e8ge social : <strong data-start=\"701\" data-end=\"753\">45 Rue Jean de la Fontaine, 49000 Angers, France<\/strong><br data-start=\"753\" data-end=\"756\" \/>Directeur de la publication : <strong data-start=\"786\" data-end=\"806\">Fran\u00e7ois Chollet<\/strong><br data-start=\"806\" data-end=\"809\" \/>Adresse e-mail : <a class=\"decorated-link cursor-pointer\" rel=\"noopener\" data-start=\"826\" data-end=\"897\">contact@legenddriveconcept.com<\/a><br data-start=\"897\" data-end=\"900\" \/>T\u00e9l\u00e9phone : 06 36 43 18 11<br data-start=\"925\" data-end=\"928\" \/>Site web : <a class=\"decorated-link\" href=\"https:\/\/legenddriveconcept.com\/en\/\" target=\"_new\" rel=\"noopener\" data-start=\"939\" data-end=\"1003\">https:\/\/legenddriveconcept.com<\/a><\/p><p data-start=\"1005\" data-end=\"1245\"><strong data-start=\"1005\" data-end=\"1020\">H\u00e9bergeur :<\/strong><br data-start=\"1020\" data-end=\"1023\" \/><strong data-start=\"1023\" data-end=\"1039\">OVHcloud SAS<\/strong><br data-start=\"1039\" data-end=\"1042\" \/>Si\u00e8ge social : <strong data-start=\"1057\" data-end=\"1100\">2 rue Kellermann, 59100 Roubaix, France<\/strong><br data-start=\"1100\" data-end=\"1103\" \/>Num\u00e9ro RCS : <strong data-start=\"1116\" data-end=\"1137\">424 761 419 00045<\/strong><br data-start=\"1137\" data-end=\"1140\" \/>Num\u00e9ro de TVA : <strong data-start=\"1156\" data-end=\"1173\">FR22424761419<\/strong><br data-start=\"1173\" data-end=\"1176\" \/>Site web : <a class=\"decorated-link cursor-pointer\" target=\"_new\" rel=\"noopener\" data-start=\"1187\" data-end=\"1245\">https:\/\/www.ovhcloud.com\/fr<\/a><\/p><hr data-start=\"1247\" data-end=\"1250\" \/><h3 data-start=\"1252\" data-end=\"1294\">2. Politique de confidentialit\u00e9 (RGPD)<\/h3><p data-start=\"1296\" data-end=\"1503\"><strong data-start=\"1296\" data-end=\"1335\">Collecte des donn\u00e9es personnelles :<\/strong><br data-start=\"1335\" data-end=\"1338\" \/>Nous collectons des donn\u00e9es personnelles via notre formulaire de contact, notre syst\u00e8me de commentaires et des outils de suivi statistique tels que Google Analytics.<\/p><p data-start=\"1505\" data-end=\"1651\"><strong data-start=\"1505\" data-end=\"1534\">Finalit\u00e9s du traitement :<\/strong><br data-start=\"1534\" data-end=\"1537\" \/>Les donn\u00e9es collect\u00e9es sont utilis\u00e9es pour r\u00e9pondre \u00e0 vos demandes, am\u00e9liorer notre site et analyser son audience.<\/p><p data-start=\"1653\" data-end=\"1759\"><strong data-start=\"1653\" data-end=\"1670\">Base l\u00e9gale :<\/strong><br data-start=\"1670\" data-end=\"1673\" \/>Le traitement est fond\u00e9 sur votre consentement, que vous pouvez retirer \u00e0 tout moment.<\/p><p data-start=\"1761\" data-end=\"1882\"><strong data-start=\"1761\" data-end=\"1792\">Destinataires des donn\u00e9es :<\/strong><br data-start=\"1792\" data-end=\"1795\" \/>Les donn\u00e9es sont destin\u00e9es \u00e0 Legend Drive Concept SAS et \u00e0 ses prestataires techniques.<\/p><p data-start=\"1884\" data-end=\"2063\"><strong data-start=\"1884\" data-end=\"1911\">Dur\u00e9e de conservation :<\/strong><br data-start=\"1911\" data-end=\"1914\" \/>Les donn\u00e9es sont conserv\u00e9es pendant la dur\u00e9e n\u00e9cessaire \u00e0 la gestion de votre demande et \u00e0 des fins statistiques, conform\u00e9ment aux exigences l\u00e9gales.<\/p><p data-start=\"2065\" data-end=\"2204\"><strong data-start=\"2065\" data-end=\"2094\">Droits des utilisateurs :<\/strong><br data-start=\"2094\" data-end=\"2097\" \/>Conform\u00e9ment au R\u00e8glement G\u00e9n\u00e9ral sur la Protection des Donn\u00e9es (RGPD), vous disposez des droits suivants :<\/p><ul data-start=\"2205\" data-end=\"2364\"><li data-start=\"2205\" data-end=\"2220\"><p data-start=\"2207\" data-end=\"2220\">Droit d\u2019acc\u00e8s<\/p><\/li><li data-start=\"2221\" data-end=\"2245\"><p data-start=\"2223\" data-end=\"2245\">Droit de rectification<\/p><\/li><li data-start=\"2246\" data-end=\"2268\"><p data-start=\"2248\" data-end=\"2268\">Droit \u00e0 l\u2019effacement<\/p><\/li><li data-start=\"2269\" data-end=\"2306\"><p data-start=\"2271\" data-end=\"2306\">Droit \u00e0 la limitation du traitement<\/p><\/li><li data-start=\"2307\" data-end=\"2343\"><p data-start=\"2309\" data-end=\"2343\">Droit \u00e0 la portabilit\u00e9 des donn\u00e9es<\/p><\/li><li data-start=\"2344\" data-end=\"2364\"><p data-start=\"2346\" data-end=\"2364\">Droit d\u2019opposition<\/p><\/li><\/ul><p data-start=\"2366\" data-end=\"2499\">Pour exercer ces droits, veuillez nous contacter \u00e0 l\u2019adresse <a class=\"decorated-link cursor-pointer\" rel=\"noopener\" data-start=\"2427\" data-end=\"2498\">contact@legenddriveconcept.com<\/a>.<\/p><hr data-start=\"2501\" data-end=\"2504\" \/><h3 data-start=\"2506\" data-end=\"2533\">3. Politique de cookies<\/h3><p data-start=\"2535\" data-end=\"2694\"><strong data-start=\"2535\" data-end=\"2564\">Utilisation des cookies :<\/strong><br data-start=\"2564\" data-end=\"2567\" \/>Ce site utilise des cookies pour am\u00e9liorer l\u2019exp\u00e9rience utilisateur, analyser le trafic et proposer des contenus personnalis\u00e9s.<\/p><p data-start=\"2696\" data-end=\"2727\"><strong data-start=\"2696\" data-end=\"2727\">Types de cookies utilis\u00e9s :<\/strong><\/p><ul data-start=\"2728\" data-end=\"2955\"><li data-start=\"2728\" data-end=\"2800\"><p data-start=\"2730\" data-end=\"2800\"><strong data-start=\"2730\" data-end=\"2757\">Cookies de navigation :<\/strong> n\u00e9cessaires au bon fonctionnement du site.<\/p><\/li><li data-start=\"2801\" data-end=\"2889\"><p data-start=\"2803\" data-end=\"2889\"><strong data-start=\"2803\" data-end=\"2828\">Cookies analytiques :<\/strong> tels que Google Analytics, pour analyser l\u2019audience du site.<\/p><\/li><li data-start=\"2890\" data-end=\"2955\"><p data-start=\"2892\" data-end=\"2955\"><strong data-start=\"2892\" data-end=\"2923\">Cookies de fonctionnalit\u00e9 :<\/strong> pour m\u00e9moriser vos pr\u00e9f\u00e9rences.<\/p><\/li><\/ul><p data-start=\"2957\" data-end=\"3167\"><strong data-start=\"2957\" data-end=\"2975\">Consentement :<\/strong><br data-start=\"2975\" data-end=\"2978\" \/>En poursuivant votre navigation sur ce site, vous acceptez l\u2019utilisation de ces cookies. Vous pouvez g\u00e9rer vos pr\u00e9f\u00e9rences en cliquant sur le lien \u00ab Param\u00e8tres des cookies \u00bb en bas de page.<\/p><p data-start=\"3169\" data-end=\"3440\"><strong data-start=\"3169\" data-end=\"3194\">Gestion des cookies :<\/strong><br data-start=\"3194\" data-end=\"3197\" \/>Vous pouvez configurer votre navigateur pour accepter ou refuser les cookies, ou pour \u00eatre inform\u00e9 de leur utilisation. La proc\u00e9dure varie selon le navigateur ; veuillez consulter la section d\u2019aide de votre navigateur pour plus d\u2019informations.<\/p><hr data-start=\"3442\" data-end=\"3445\" \/><h3 data-start=\"3447\" data-end=\"3494\">4. Conditions g\u00e9n\u00e9rales d\u2019utilisation (CGU)<\/h3><p data-start=\"3496\" data-end=\"3708\"><strong data-start=\"3496\" data-end=\"3515\">Acc\u00e8s au site :<\/strong><br data-start=\"3515\" data-end=\"3518\" \/>L\u2019acc\u00e8s au site <a class=\"decorated-link\" href=\"https:\/\/legenddriveconcept.com\/en\/\" target=\"_new\" rel=\"noopener\" data-start=\"3534\" data-end=\"3598\">https:\/\/legenddriveconcept.com<\/a> est r\u00e9serv\u00e9 \u00e0 un usage personnel et professionnel. Toute utilisation commerciale non autoris\u00e9e est interdite.<\/p><p data-start=\"3710\" data-end=\"3960\"><strong data-start=\"3710\" data-end=\"3740\">Propri\u00e9t\u00e9 intellectuelle :<\/strong><br data-start=\"3740\" data-end=\"3743\" \/>Tous les contenus pr\u00e9sents sur le site (textes, images, logos, vid\u00e9os, etc.) sont la propri\u00e9t\u00e9 exclusive de Legend Drive Concept SAS ou de ses partenaires et sont prot\u00e9g\u00e9s par les lois sur la propri\u00e9t\u00e9 intellectuelle.<\/p><p data-start=\"3962\" data-end=\"4229\"><strong data-start=\"3962\" data-end=\"3982\">Responsabilit\u00e9 :<\/strong><br data-start=\"3982\" data-end=\"3985\" \/>Legend Drive Concept SAS s\u2019efforce de maintenir l\u2019exactitude des informations pr\u00e9sentes sur le site, mais ne saurait \u00eatre tenue responsable des erreurs ou omissions. L\u2019entreprise se r\u00e9serve le droit de modifier le contenu du site \u00e0 tout moment.<\/p><p data-start=\"4231\" data-end=\"4397\"><strong data-start=\"4231\" data-end=\"4251\">Liens externes :<\/strong><br data-start=\"4251\" data-end=\"4254\" \/>Le site peut contenir des liens vers des sites externes. Legend Drive Concept SAS n\u2019assume aucune responsabilit\u00e9 quant au contenu de ces sites.<\/p><hr data-start=\"4399\" data-end=\"4402\" \/><h3 data-start=\"4404\" data-end=\"4446\">5. Conditions g\u00e9n\u00e9rales de vente (CGV)<\/h3><p data-start=\"4448\" data-end=\"4566\"><strong data-start=\"4448\" data-end=\"4459\">Objet :<\/strong><br data-start=\"4459\" data-end=\"4462\" \/>Les pr\u00e9sentes CGV r\u00e9gissent la vente de v\u00e9hicules de collection ou de prestige pr\u00e9sent\u00e9s sur notre site.<\/p><p data-start=\"4568\" data-end=\"4786\"><strong data-start=\"4568\" data-end=\"4601\">Disponibilit\u00e9 des v\u00e9hicules :<\/strong><br data-start=\"4601\" data-end=\"4604\" \/>Les v\u00e9hicules sont propos\u00e9s \u00e0 la vente sous r\u00e9serve de disponibilit\u00e9. Les informations concernant les v\u00e9hicules sont donn\u00e9es \u00e0 titre indicatif et peuvent \u00eatre modifi\u00e9es sans pr\u00e9avis.<\/p><p data-start=\"4788\" data-end=\"4941\"><strong data-start=\"4788\" data-end=\"4798\">Prix :<\/strong><br data-start=\"4798\" data-end=\"4801\" \/>Les prix des v\u00e9hicules sont indiqu\u00e9s en euros, toutes taxes comprises (TTC). Les frais de transport et d\u2019immatriculation ne sont pas inclus.<\/p><p data-start=\"4943\" data-end=\"5080\"><strong data-start=\"4943\" data-end=\"4957\">Commande :<\/strong><br data-start=\"4957\" data-end=\"4960\" \/>La commande est consid\u00e9r\u00e9e comme ferme et d\u00e9finitive d\u00e8s r\u00e9ception du bon de commande sign\u00e9 et du paiement d\u2019un acompte.<\/p><p data-start=\"5082\" data-end=\"5270\"><strong data-start=\"5082\" data-end=\"5097\">Livraison :<\/strong><br data-start=\"5097\" data-end=\"5100\" \/>La livraison des v\u00e9hicules est effectu\u00e9e \u00e0 l\u2019adresse convenue entre les parties. Les d\u00e9lais de livraison sont indicatifs et peuvent varier en fonction des disponibilit\u00e9s.<\/p><p data-start=\"5272\" data-end=\"5409\"><strong data-start=\"5272\" data-end=\"5286\">Garantie :<\/strong><br data-start=\"5286\" data-end=\"5289\" \/>Les v\u00e9hicules sont garantis selon les conditions sp\u00e9cifi\u00e9es dans le bon de commande. Les garanties l\u00e9gales s\u2019appliquent.<\/p><p data-start=\"5411\" data-end=\"5606\"><strong data-start=\"5411\" data-end=\"5429\">R\u00e9tractation :<\/strong><br data-start=\"5429\" data-end=\"5432\" \/>Conform\u00e9ment \u00e0 la l\u00e9gislation en vigueur, vous disposez d\u2019un d\u00e9lai de 14 jours pour exercer votre droit de r\u00e9tractation, sauf si le contrat porte sur des biens personnalis\u00e9s.<\/p><p data-start=\"5608\" data-end=\"5788\"><strong data-start=\"5608\" data-end=\"5621\">Litiges :<\/strong><br data-start=\"5621\" data-end=\"5624\" \/>En cas de litige, les parties s\u2019efforceront de trouver une solution amiable. \u00c0 d\u00e9faut, le tribunal comp\u00e9tent sera celui du si\u00e8ge social de Legend Drive Concept SAS.<\/p>\t\t\t\t\t\t\t\t<\/div>\n\t\t\t\t\t<\/div>\n\t\t\t\t<\/div>\n\t\t\t\t<\/div>","protected":false},"excerpt":{"rendered":"<p>1. Informations l\u00e9gales Nom de l\u2019entreprise :Get Out &amp; DriveSoci\u00e9t\u00e9 par Actions Simplifi\u00e9e au capital de 826 522 \u20acImmatricul\u00e9e au RCS d\u2019Angers sous le num\u00e9ro 935 249 516 00011Num\u00e9ro de TVA intracommunautaire : FR86935249516Si\u00e8ge social : 45 Rue Jean de la Fontaine, 49000 Angers, FranceDirecteur de la publication : Fran\u00e7ois CholletAdresse e-mail : contact@legenddriveconcept.comT\u00e9l\u00e9phone : [&hellip;]<\/p>","protected":false},"author":1,"featured_media":0,"parent":0,"menu_order":0,"comment_status":"closed","ping_status":"closed","template":"","meta":{"_acf_changed":false,"footnotes":""},"class_list":["post-165","page","type-page","status-publish","hentry"],"acf":[],"yoast_head":"<!-- This site is optimized with the Yoast SEO plugin v26.8 - https:\/\/yoast.com\/product\/yoast-seo-wordpress\/ -->\n<title>Mentions l\u00e9gales &amp; Protection des donn\u00e9es - Legend Drive Concept<\/title>\n<meta name=\"robots\" content=\"index, follow, max-snippet:-1, max-image-preview:large, max-video-preview:-1\" \/>\n<link rel=\"canonical\" href=\"https:\/\/legenddriveconcept.com\/en\/elementor-165\/\" \/>\n<meta property=\"og:locale\" content=\"en_GB\" \/>\n<meta property=\"og:type\" content=\"article\" \/>\n<meta property=\"og:title\" content=\"Mentions l\u00e9gales &amp; Protection des donn\u00e9es - Legend Drive Concept\" \/>\n<meta property=\"og:description\" content=\"1. Informations l\u00e9gales Nom de l\u2019entreprise :Get Out &amp; DriveSoci\u00e9t\u00e9 par Actions Simplifi\u00e9e au capital de 826 522 \u20acImmatricul\u00e9e au RCS d\u2019Angers sous le num\u00e9ro 935 249 516 00011Num\u00e9ro de TVA intracommunautaire : FR86935249516Si\u00e8ge social : 45 Rue Jean de la Fontaine, 49000 Angers, FranceDirecteur de la publication : Fran\u00e7ois CholletAdresse e-mail : contact@legenddriveconcept.comT\u00e9l\u00e9phone : [&hellip;]\" \/>\n<meta property=\"og:url\" content=\"https:\/\/legenddriveconcept.com\/en\/elementor-165\/\" \/>\n<meta property=\"og:site_name\" content=\"Legend Drive Concept\" \/>\n<meta property=\"article:publisher\" content=\"https:\/\/www.facebook.com\/profile.php?id=61583953453376&amp;locale=fr_FR\" \/>\n<meta property=\"article:modified_time\" content=\"2025-12-15T14:07:13+00:00\" \/>\n<meta name=\"twitter:card\" content=\"summary_large_image\" \/>\n<meta name=\"twitter:label1\" content=\"Estimated reading time\" \/>\n\t<meta name=\"twitter:data1\" content=\"4 minutes\" \/>\n<script type=\"application\/ld+json\" class=\"yoast-schema-graph\">{\"@context\":\"https:\/\/schema.org\",\"@graph\":[{\"@type\":\"WebPage\",\"@id\":\"https:\/\/legenddriveconcept.com\/elementor-165\/\",\"url\":\"https:\/\/legenddriveconcept.com\/elementor-165\/\",\"name\":\"Mentions l\u00e9gales & Protection des donn\u00e9es - Legend Drive Concept\",\"isPartOf\":{\"@id\":\"https:\/\/legenddriveconcept.com\/#website\"},\"datePublished\":\"2025-10-20T10:13:24+00:00\",\"dateModified\":\"2025-12-15T14:07:13+00:00\",\"breadcrumb\":{\"@id\":\"https:\/\/legenddriveconcept.com\/elementor-165\/#breadcrumb\"},\"inLanguage\":\"en-GB\",\"potentialAction\":[{\"@type\":\"ReadAction\",\"target\":[\"https:\/\/legenddriveconcept.com\/elementor-165\/\"]}]},{\"@type\":\"BreadcrumbList\",\"@id\":\"https:\/\/legenddriveconcept.com\/elementor-165\/#breadcrumb\",\"itemListElement\":[{\"@type\":\"ListItem\",\"position\":1,\"name\":\"Accueil\",\"item\":\"https:\/\/legenddriveconcept.com\/\"},{\"@type\":\"ListItem\",\"position\":2,\"name\":\"Mentions l\u00e9gales &#038; Protection des donn\u00e9es\"}]},{\"@type\":\"WebSite\",\"@id\":\"https:\/\/legenddriveconcept.com\/#website\",\"url\":\"https:\/\/legenddriveconcept.com\/\",\"name\":\"Legend Drive Concept\",\"description\":\"\",\"publisher\":{\"@id\":\"https:\/\/legenddriveconcept.com\/#organization\"},\"potentialAction\":[{\"@type\":\"SearchAction\",\"target\":{\"@type\":\"EntryPoint\",\"urlTemplate\":\"https:\/\/legenddriveconcept.com\/?s={search_term_string}\"},\"query-input\":{\"@type\":\"PropertyValueSpecification\",\"valueRequired\":true,\"valueName\":\"search_term_string\"}}],\"inLanguage\":\"en-GB\"},{\"@type\":\"Organization\",\"@id\":\"https:\/\/legenddriveconcept.com\/#organization\",\"name\":\"Legend Drive Concept\",\"url\":\"https:\/\/legenddriveconcept.com\/\",\"logo\":{\"@type\":\"ImageObject\",\"inLanguage\":\"en-GB\",\"@id\":\"https:\/\/legenddriveconcept.com\/#\/schema\/logo\/image\/\",\"url\":\"https:\/\/legenddriveconcept.com\/wp-content\/uploads\/2025\/10\/logos_Logo-principal-bleu-dore-scaled.png\",\"contentUrl\":\"https:\/\/legenddriveconcept.com\/wp-content\/uploads\/2025\/10\/logos_Logo-principal-bleu-dore-scaled.png\",\"width\":2560,\"height\":170,\"caption\":\"Legend Drive Concept\"},\"image\":{\"@id\":\"https:\/\/legenddriveconcept.com\/#\/schema\/logo\/image\/\"},\"sameAs\":[\"https:\/\/www.facebook.com\/profile.php?id=61583953453376&locale=fr_FR\",\"https:\/\/www.instagram.com\/legenddriveconcept\/\",\"https:\/\/www.youtube.com\/@LegendDriveConcept\",\"https:\/\/www.linkedin.com\/company\/109775537\/admin\/dashboard\/\",\"https:\/\/www.tiktok.com\/@legenddriveconcept_\"]}]}<\/script>\n<!-- \/ Yoast SEO plugin. -->","yoast_head_json":{"title":"Mentions l\u00e9gales & Protection des donn\u00e9es - Legend Drive Concept","robots":{"index":"index","follow":"follow","max-snippet":"max-snippet:-1","max-image-preview":"max-image-preview:large","max-video-preview":"max-video-preview:-1"},"canonical":"https:\/\/legenddriveconcept.com\/en\/elementor-165\/","og_locale":"en_GB","og_type":"article","og_title":"Mentions l\u00e9gales & Protection des donn\u00e9es - Legend Drive Concept","og_description":"1. Informations l\u00e9gales Nom de l\u2019entreprise :Get Out &amp; DriveSoci\u00e9t\u00e9 par Actions Simplifi\u00e9e au capital de 826 522 \u20acImmatricul\u00e9e au RCS d\u2019Angers sous le num\u00e9ro 935 249 516 00011Num\u00e9ro de TVA intracommunautaire : FR86935249516Si\u00e8ge social : 45 Rue Jean de la Fontaine, 49000 Angers, FranceDirecteur de la publication : Fran\u00e7ois CholletAdresse e-mail : contact@legenddriveconcept.comT\u00e9l\u00e9phone : [&hellip;]","og_url":"https:\/\/legenddriveconcept.com\/en\/elementor-165\/","og_site_name":"Legend Drive Concept","article_publisher":"https:\/\/www.facebook.com\/profile.php?id=61583953453376&locale=fr_FR","article_modified_time":"2025-12-15T14:07:13+00:00","twitter_card":"summary_large_image","twitter_misc":{"Estimated reading time":"4 minutes"},"schema":{"@context":"https:\/\/schema.org","@graph":[{"@type":"WebPage","@id":"https:\/\/legenddriveconcept.com\/elementor-165\/","url":"https:\/\/legenddriveconcept.com\/elementor-165\/","name":"Mentions l\u00e9gales & Protection des donn\u00e9es - Legend Drive Concept","isPartOf":{"@id":"https:\/\/legenddriveconcept.com\/#website"},"datePublished":"2025-10-20T10:13:24+00:00","dateModified":"2025-12-15T14:07:13+00:00","breadcrumb":{"@id":"https:\/\/legenddriveconcept.com\/elementor-165\/#breadcrumb"},"inLanguage":"en-GB","potentialAction":[{"@type":"ReadAction","target":["https:\/\/legenddriveconcept.com\/elementor-165\/"]}]},{"@type":"BreadcrumbList","@id":"https:\/\/legenddriveconcept.com\/elementor-165\/#breadcrumb","itemListElement":[{"@type":"ListItem","position":1,"name":"Accueil","item":"https:\/\/legenddriveconcept.com\/"},{"@type":"ListItem","position":2,"name":"Mentions l\u00e9gales &#038; Protection des donn\u00e9es"}]},{"@type":"WebSite","@id":"https:\/\/legenddriveconcept.com\/#website","url":"https:\/\/legenddriveconcept.com\/","name":"Legend Drive Concept","description":"","publisher":{"@id":"https:\/\/legenddriveconcept.com\/#organization"},"potentialAction":[{"@type":"SearchAction","target":{"@type":"EntryPoint","urlTemplate":"https:\/\/legenddriveconcept.com\/?s={search_term_string}"},"query-input":{"@type":"PropertyValueSpecification","valueRequired":true,"valueName":"search_term_string"}}],"inLanguage":"en-GB"},{"@type":"Organization","@id":"https:\/\/legenddriveconcept.com\/#organization","name":"Legend Drive Concept","url":"https:\/\/legenddriveconcept.com\/","logo":{"@type":"ImageObject","inLanguage":"en-GB","@id":"https:\/\/legenddriveconcept.com\/#\/schema\/logo\/image\/","url":"https:\/\/legenddriveconcept.com\/wp-content\/uploads\/2025\/10\/logos_Logo-principal-bleu-dore-scaled.png","contentUrl":"https:\/\/legenddriveconcept.com\/wp-content\/uploads\/2025\/10\/logos_Logo-principal-bleu-dore-scaled.png","width":2560,"height":170,"caption":"Legend Drive Concept"},"image":{"@id":"https:\/\/legenddriveconcept.com\/#\/schema\/logo\/image\/"},"sameAs":["https:\/\/www.facebook.com\/profile.php?id=61583953453376&locale=fr_FR","https:\/\/www.instagram.com\/legenddriveconcept\/","https:\/\/www.youtube.com\/@LegendDriveConcept","https:\/\/www.linkedin.com\/company\/109775537\/admin\/dashboard\/","https:\/\/www.tiktok.com\/@legenddriveconcept_"]}]}},"_links":{"self":[{"href":"https:\/\/legenddriveconcept.com\/en\/wp-json\/wp\/v2\/pages\/165","targetHints":{"allow":["GET"]}}],"collection":[{"href":"https:\/\/legenddriveconcept.com\/en\/wp-json\/wp\/v2\/pages"}],"about":[{"href":"https:\/\/legenddriveconcept.com\/en\/wp-json\/wp\/v2\/types\/page"}],"author":[{"embeddable":true,"href":"https:\/\/legenddriveconcept.com\/en\/wp-json\/wp\/v2\/users\/1"}],"replies":[{"embeddable":true,"href":"https:\/\/legenddriveconcept.com\/en\/wp-json\/wp\/v2\/comments?post=165"}],"version-history":[{"count":22,"href":"https:\/\/legenddriveconcept.com\/en\/wp-json\/wp\/v2\/pages\/165\/revisions"}],"predecessor-version":[{"id":1691,"href":"https:\/\/legenddriveconcept.com\/en\/wp-json\/wp\/v2\/pages\/165\/revisions\/1691"}],"wp:attachment":[{"href":"https:\/\/legenddriveconcept.com\/en\/wp-json\/wp\/v2\/media?parent=165"}],"curies":[{"name":"wp","href":"https:\/\/api.w.org\/{rel}","templated":true}]}}